{"id":315,"date":"2019-03-20T14:17:08","date_gmt":"2019-03-20T13:17:08","guid":{"rendered":"https:\/\/kamado.ontwikkelstatus.nl\/?page_id=315"},"modified":"2019-03-20T14:51:15","modified_gmt":"2019-03-20T13:51:15","slug":"about-kamado","status":"publish","type":"page","link":"https:\/\/kamado-jewels.com\/en\/about-kamado\/","title":{"rendered":"About Kamado"},"content":{"rendered":"<div class=\"fusion-fullwidth fullwidth-box fusion-builder-row-1 nonhundred-percent-fullwidth non-hundred-percent-height-scrolling\" style=\"--awb-border-radius-top-left:0px;--awb-border-radius-top-right:0px;--awb-border-radius-bottom-right:0px;--awb-border-radius-bottom-left:0px;--awb-flex-wrap:wrap;\" ><div class=\"fusion-builder-row fusion-row\"><div class=\"fusion-layout-column fusion_builder_column fusion-builder-column-0 fusion_builder_column_1_1 1_1 fusion-one-full fusion-column-first fusion-column-last\" style=\"--awb-bg-size:cover;\"><div class=\"fusion-column-wrapper fusion-flex-column-wrapper-legacy\"><div class=\"fusion-text fusion-text-1\"><p>I was lucky to grow up in the South German gold and silver city Schw\u00e4bisch Gm\u00fcnd. Since the <em>Berufskollege f\u00fcr Schmuck und Design <\/em>(a school for goldsmiths) was established in my home city, I was surrounded by different goldsmiths already at an early age.<\/p>\n<p>Among them was also the mother of my babysit children. As a goldsmith she often paid me in jewellery. That was so special to me every time! The mother of my best friend was a goldsmith as well. To me it was just wonderful to gaze around in her workshop; the combination of fine materials and sturdy machines that could create beautiful jewellery, wow! I knew what I wanted to be when I grow up.<\/p>\n<p>Since my education as a goldsmith at the <em>Berufskollege f\u00fcr Schmuck und Design<\/em> I already made jewellery for myself. Therefore, my workbench and my tools followed me wherever I went. More and more people started to ask me where I had bought my jewellery. When I said that I made it myself, since I am a goldsmith, people asked me if I could make something for them too. And that is how Kamado was born, derived from my first names: Katharina Maria Donna.<\/p>\n<p>Looking at jewellery makes me happy. Because every piece of jewellery has its own character, its own story. I feel lucky and thankful that I am able to transform your personal story into a tangible symbol in which your feelings are immortalized.<\/p>\n<\/div><div class=\"fusion-image-element in-legacy-container\" style=\"--awb-caption-title-font-family:var(--h2_typography-font-family);--awb-caption-title-font-weight:var(--h2_typography-font-weight);--awb-caption-title-font-style:var(--h2_typography-font-style);--awb-caption-title-size:var(--h2_typography-font-size);--awb-caption-title-transform:var(--h2_typography-text-transform);--awb-caption-title-line-height:var(--h2_typography-line-height);--awb-caption-title-letter-spacing:var(--h2_typography-letter-spacing);\"><span class=\" fusion-imageframe imageframe-none imageframe-1 hover-type-none\"><img decoding=\"async\" width=\"1200\" height=\"801\" title=\"DSC_7903\" src=\"https:\/\/kamado-jewels.com\/wp-content\/uploads\/2019\/03\/DSC_7903-1200x801.jpg\" alt class=\"img-responsive wp-image-302\" srcset=\"https:\/\/kamado-jewels.com\/wp-content\/uploads\/2019\/03\/DSC_7903-200x134.jpg 200w, https:\/\/kamado-jewels.com\/wp-content\/uploads\/2019\/03\/DSC_7903-400x267.jpg 400w, https:\/\/kamado-jewels.com\/wp-content\/uploads\/2019\/03\/DSC_7903-600x401.jpg 600w, https:\/\/kamado-jewels.com\/wp-content\/uploads\/2019\/03\/DSC_7903-800x534.jpg 800w, https:\/\/kamado-jewels.com\/wp-content\/uploads\/2019\/03\/DSC_7903-1200x801.jpg 1200w\" sizes=\"(max-width: 800px) 100vw, 1200px\" \/><\/span><\/div><div class=\"fusion-clearfix\"><\/div><\/div><\/div><\/div><\/div>\n","protected":false},"excerpt":{"rendered":"","protected":false},"author":1,"featured_media":0,"parent":0,"menu_order":0,"comment_status":"closed","ping_status":"closed","template":"","meta":{"footnotes":""},"class_list":["post-315","page","type-page","status-publish","hentry"],"yoast_head":"<!-- This site is optimized with the Yoast SEO plugin v24.0 - https:\/\/yoast.com\/wordpress\/plugins\/seo\/ -->\n<title>About Kamado - Kamado Jewels<\/title>\n<meta name=\"robots\" content=\"index, follow, max-snippet:-1, max-image-preview:large, max-video-preview:-1\" \/>\n<link rel=\"canonical\" href=\"https:\/\/kamado-jewels.com\/en\/about-kamado\/\" \/>\n<meta property=\"og:locale\" content=\"en_US\" \/>\n<meta property=\"og:type\" content=\"article\" \/>\n<meta property=\"og:title\" content=\"About Kamado - Kamado Jewels\" \/>\n<meta property=\"og:url\" content=\"https:\/\/kamado-jewels.com\/en\/about-kamado\/\" \/>\n<meta property=\"og:site_name\" content=\"Kamado Jewels\" \/>\n<meta property=\"article:publisher\" content=\"https:\/\/www.facebook.com\/KamadoJewels\/\" \/>\n<meta property=\"article:modified_time\" content=\"2019-03-20T13:51:15+00:00\" \/>\n<meta name=\"twitter:card\" content=\"summary_large_image\" \/>\n<meta name=\"twitter:label1\" content=\"Est. reading time\" \/>\n\t<meta name=\"twitter:data1\" content=\"3 minutes\" \/>\n<script type=\"application\/ld+json\" class=\"yoast-schema-graph\">{\"@context\":\"https:\/\/schema.org\",\"@graph\":[{\"@type\":\"WebPage\",\"@id\":\"https:\/\/kamado-jewels.com\/en\/about-kamado\/\",\"url\":\"https:\/\/kamado-jewels.com\/en\/about-kamado\/\",\"name\":\"About Kamado - Kamado Jewels\",\"isPartOf\":{\"@id\":\"https:\/\/kamado-jewels.com\/#website\"},\"datePublished\":\"2019-03-20T13:17:08+00:00\",\"dateModified\":\"2019-03-20T13:51:15+00:00\",\"breadcrumb\":{\"@id\":\"https:\/\/kamado-jewels.com\/en\/about-kamado\/#breadcrumb\"},\"inLanguage\":\"en-US\",\"potentialAction\":[{\"@type\":\"ReadAction\",\"target\":[\"https:\/\/kamado-jewels.com\/en\/about-kamado\/\"]}]},{\"@type\":\"BreadcrumbList\",\"@id\":\"https:\/\/kamado-jewels.com\/en\/about-kamado\/#breadcrumb\",\"itemListElement\":[{\"@type\":\"ListItem\",\"position\":1,\"name\":\"Home\",\"item\":\"https:\/\/kamado-jewels.com\/en\/\"},{\"@type\":\"ListItem\",\"position\":2,\"name\":\"About Kamado\"}]},{\"@type\":\"WebSite\",\"@id\":\"https:\/\/kamado-jewels.com\/#website\",\"url\":\"https:\/\/kamado-jewels.com\/\",\"name\":\"Kamado Jewels\",\"description\":\"Unieke sieraden\",\"publisher\":{\"@id\":\"https:\/\/kamado-jewels.com\/#organization\"},\"potentialAction\":[{\"@type\":\"SearchAction\",\"target\":{\"@type\":\"EntryPoint\",\"urlTemplate\":\"https:\/\/kamado-jewels.com\/?s={search_term_string}\"},\"query-input\":{\"@type\":\"PropertyValueSpecification\",\"valueRequired\":true,\"valueName\":\"search_term_string\"}}],\"inLanguage\":\"en-US\"},{\"@type\":\"Organization\",\"@id\":\"https:\/\/kamado-jewels.com\/#organization\",\"name\":\"Kamado Jewels\",\"url\":\"https:\/\/kamado-jewels.com\/\",\"logo\":{\"@type\":\"ImageObject\",\"inLanguage\":\"en-US\",\"@id\":\"https:\/\/kamado-jewels.com\/#\/schema\/logo\/image\/\",\"url\":\"https:\/\/kamado-jewels.com\/wp-content\/uploads\/2018\/12\/logo-kamado.png\",\"contentUrl\":\"https:\/\/kamado-jewels.com\/wp-content\/uploads\/2018\/12\/logo-kamado.png\",\"width\":100,\"height\":227,\"caption\":\"Kamado Jewels\"},\"image\":{\"@id\":\"https:\/\/kamado-jewels.com\/#\/schema\/logo\/image\/\"},\"sameAs\":[\"https:\/\/www.facebook.com\/KamadoJewels\/\",\"https:\/\/www.instagram.com\/katharinamager\/\"]}]}<\/script>\n<!-- \/ Yoast SEO plugin. -->","yoast_head_json":{"title":"About Kamado - Kamado Jewels","robots":{"index":"index","follow":"follow","max-snippet":"max-snippet:-1","max-image-preview":"max-image-preview:large","max-video-preview":"max-video-preview:-1"},"canonical":"https:\/\/kamado-jewels.com\/en\/about-kamado\/","og_locale":"en_US","og_type":"article","og_title":"About Kamado - Kamado Jewels","og_url":"https:\/\/kamado-jewels.com\/en\/about-kamado\/","og_site_name":"Kamado Jewels","article_publisher":"https:\/\/www.facebook.com\/KamadoJewels\/","article_modified_time":"2019-03-20T13:51:15+00:00","twitter_card":"summary_large_image","twitter_misc":{"Est. reading time":"3 minutes"},"schema":{"@context":"https:\/\/schema.org","@graph":[{"@type":"WebPage","@id":"https:\/\/kamado-jewels.com\/en\/about-kamado\/","url":"https:\/\/kamado-jewels.com\/en\/about-kamado\/","name":"About Kamado - Kamado Jewels","isPartOf":{"@id":"https:\/\/kamado-jewels.com\/#website"},"datePublished":"2019-03-20T13:17:08+00:00","dateModified":"2019-03-20T13:51:15+00:00","breadcrumb":{"@id":"https:\/\/kamado-jewels.com\/en\/about-kamado\/#breadcrumb"},"inLanguage":"en-US","potentialAction":[{"@type":"ReadAction","target":["https:\/\/kamado-jewels.com\/en\/about-kamado\/"]}]},{"@type":"BreadcrumbList","@id":"https:\/\/kamado-jewels.com\/en\/about-kamado\/#breadcrumb","itemListElement":[{"@type":"ListItem","position":1,"name":"Home","item":"https:\/\/kamado-jewels.com\/en\/"},{"@type":"ListItem","position":2,"name":"About Kamado"}]},{"@type":"WebSite","@id":"https:\/\/kamado-jewels.com\/#website","url":"https:\/\/kamado-jewels.com\/","name":"Kamado Jewels","description":"Unieke sieraden","publisher":{"@id":"https:\/\/kamado-jewels.com\/#organization"},"potentialAction":[{"@type":"SearchAction","target":{"@type":"EntryPoint","urlTemplate":"https:\/\/kamado-jewels.com\/?s={search_term_string}"},"query-input":{"@type":"PropertyValueSpecification","valueRequired":true,"valueName":"search_term_string"}}],"inLanguage":"en-US"},{"@type":"Organization","@id":"https:\/\/kamado-jewels.com\/#organization","name":"Kamado Jewels","url":"https:\/\/kamado-jewels.com\/","logo":{"@type":"ImageObject","inLanguage":"en-US","@id":"https:\/\/kamado-jewels.com\/#\/schema\/logo\/image\/","url":"https:\/\/kamado-jewels.com\/wp-content\/uploads\/2018\/12\/logo-kamado.png","contentUrl":"https:\/\/kamado-jewels.com\/wp-content\/uploads\/2018\/12\/logo-kamado.png","width":100,"height":227,"caption":"Kamado Jewels"},"image":{"@id":"https:\/\/kamado-jewels.com\/#\/schema\/logo\/image\/"},"sameAs":["https:\/\/www.facebook.com\/KamadoJewels\/","https:\/\/www.instagram.com\/katharinamager\/"]}]}},"_links":{"self":[{"href":"https:\/\/kamado-jewels.com\/en\/wp-json\/wp\/v2\/pages\/315","targetHints":{"allow":["GET"]}}],"collection":[{"href":"https:\/\/kamado-jewels.com\/en\/wp-json\/wp\/v2\/pages"}],"about":[{"href":"https:\/\/kamado-jewels.com\/en\/wp-json\/wp\/v2\/types\/page"}],"author":[{"embeddable":true,"href":"https:\/\/kamado-jewels.com\/en\/wp-json\/wp\/v2\/users\/1"}],"replies":[{"embeddable":true,"href":"https:\/\/kamado-jewels.com\/en\/wp-json\/wp\/v2\/comments?post=315"}],"version-history":[{"count":3,"href":"https:\/\/kamado-jewels.com\/en\/wp-json\/wp\/v2\/pages\/315\/revisions"}],"predecessor-version":[{"id":318,"href":"https:\/\/kamado-jewels.com\/en\/wp-json\/wp\/v2\/pages\/315\/revisions\/318"}],"wp:attachment":[{"href":"https:\/\/kamado-jewels.com\/en\/wp-json\/wp\/v2\/media?parent=315"}],"curies":[{"name":"wp","href":"https:\/\/api.w.org\/{rel}","templated":true}]}}